{"id":335,"date":"2023-02-03T08:46:27","date_gmt":"2023-02-03T08:46:27","guid":{"rendered":"https:\/\/www.bbcircusmaximus.it\/\/faq\/"},"modified":"2024-07-10T10:18:19","modified_gmt":"2024-07-10T10:18:19","slug":"faq","status":"publish","type":"page","link":"https:\/\/www.bbcircusmaximus.it\/fr\/faq\/","title":{"rendered":"FAQ"},"content":{"rendered":"<div class=\"wpb-content-wrapper\"><p>[vc_row full_width=&#8221;stretch_row&#8221; css=&#8221;.vc_custom_1675416650253{padding-top: 20px !important;padding-bottom: 70px !important;}&#8221; el_class=&#8221;.bg-roma&#8221;][vc_column][vc_row_inner css=&#8221;.vc_custom_1675350138060{padding-top: 30px !important;}&#8221;][vc_column_inner][vc_custom_heading text=&#8221;Trouverez ci-dessous quelques informations utiles sur B&amp;B Circus Maximus, comme la fa\u00e7on de payer, parfois enregistrement et de d\u00e9part et ainsi de suite. S&#8217;il vous pla\u00eet prendre le temps de lire les informations et n&#8217;h\u00e9sitez pas \u00e0 nous contacter, si vous avez des questions.&#8221; font_container=&#8221;tag:h3|text_align:left&#8221; use_theme_fonts=&#8221;yes&#8221;][vc_column_text]<strong>Les prix incluent-ils toutes les taxes ?<\/strong><br \/>\nNon, la taxe de s\u00e9jour due \u00e0 la municipalit\u00e9 de Rome n&#8217;est pas incluse. La taxe est de 6 euros par personne et par jour, hors enfants jusqu&#8217;\u00e0 10 ans. La taxe doit \u00eatre pay\u00e9e en esp\u00e8ces \u00e0 l&#8217;arriv\u00e9e.<\/p>\n<p><strong>Le prix est-il par personne ou par chambre ?<\/strong><br \/>\nLe prix est toujours par chambre. Cependant, il est important de bien choisir le type de pi\u00e8ce souhait\u00e9.<\/p>\n<p><strong>Le petit-d\u00e9jeuner est inclus dans le prix?<\/strong><br \/>\nLe petit d\u00e9jeuner est servi de 8h \u00e0 10h dans notre cuisine.<br \/>\nBoissons chaudes (th\u00e9, cappuccino, caf\u00e9), croissants sucr\u00e9s, pain, confitures, miel, g\u00e2teaux du jour, c\u00e9r\u00e9ales, jus de fruits, yaourts et \u00e9galement une s\u00e9lection de sandwichs farcis sal\u00e9s.<br \/>\nDes produits sans gluten sont disponibles sur demande.<\/p>\n<p><strong>A quelle heure puis-je avoir la chambre et \u00e0 quelle heure dois-je la quitter ?<\/strong><br \/>\nL&#8217;enregistrement peut \u00eatre effectu\u00e9 de 12h00 \u00e0 21h00. Toute avance ou report de d\u00e9lai peut \u00eatre convenu avec la structure. Selon la l\u00e9gislation italienne, les clients doivent fournir un document d&#8217;identit\u00e9 valide, tel qu&#8217;un passeport ou une carte d&#8217;identit\u00e9, lors de l&#8217;enregistrement. Le check-out doit \u00eatre effectu\u00e9 avant 10h00 le jour du d\u00e9part.<\/p>\n<p><strong>A quel moment devrai-je effectuer le paiement ?<\/strong><br \/>\nLe paiement s&#8217;effectue \u00e0 l&#8217;arriv\u00e9e.<\/p>\n<p><strong>Puis-je payer par carte de cr\u00e9dit?<\/strong><br \/>\nOui. Les cartes de cr\u00e9dit accept\u00e9es sont Visa et MasterCard.<\/p>\n<p><strong>Les salles de bains disposent-elles d&#8217;une baignoire, d&#8217;une douche ou des deux ?<\/strong><br \/>\nLes salles de bains sont \u00e9quip\u00e9es d&#8217;une douche.<\/p>\n<p><strong>La r\u00e9ception est-elle ouverte 24h\/24 ?<\/strong><br \/>\nNon, mais chaque client re\u00e7oit \u00e9galement la cl\u00e9 de la porte d&#8217;entr\u00e9e lors de l&#8217;enregistrement, afin qu&#8217;il puisse se d\u00e9placer \u00e0 sa guise. C&#8217;est pourquoi il est important de nous indiquer votre heure d&#8217;arriv\u00e9e pr\u00e9vue, y compris, le cas \u00e9ch\u00e9ant, les d\u00e9tails du vol ou du train, ainsi qu&#8217;un num\u00e9ro de portable. Lors de l&#8217;enregistrement, vous recevrez alors notre num\u00e9ro d&#8217;urgence, actif 24h\/24, pour nous contacter en cas de besoin en dehors des heures d&#8217;ouverture de la r\u00e9ception.<\/p>\n<p><strong>Quelles langues sont parl\u00e9es \u00e0 la r\u00e9ception ?<\/strong><br \/>\nItalien, anglais et fran\u00e7ais.<\/p>\n<p><strong>\u00c0 quel \u00e9tage se trouve le B&amp;B Circus Maximus, combien d&#8217;\u00e9tages est-il compos\u00e9, y a-t-il un ascenseur ?<\/strong><br \/>\nLe B&amp;B Circus Maximus est situ\u00e9 au premier \u00e9tage de l&#8217;immeuble (avec ascenseur).<\/p>\n<p><strong>Le service d&#8217;\u00e9tage est-il disponible ? Si oui, \u00e0 quelles heures ?<\/strong><br \/>\nUn service d&#8217;\u00e9tage est disponible sur demande de 8h00 \u00e0 10h00.<\/p>\n<p><strong>Les enfants s\u00e9journent-ils gratuitement ?<\/strong><br \/>\nOui, les enfants jusqu&#8217;\u00e0 3 ans s\u00e9journent gratuitement.<\/p>\n<p><strong>Est-il possible d&#8217;avoir un lit b\u00e9b\u00e9\/lit b\u00e9b\u00e9 dans la chambre ? Si oui, \u00e0 quel prix ?<\/strong><br \/>\nOui, moyennant un suppl\u00e9ment de 20 euros par jour.<\/p>\n<p><strong>Y a-t-il un suppl\u00e9ment pour la climatisation ? Est-il disponible toute l&#8217;ann\u00e9e ou en saison ?<\/strong><br \/>\nLa climatisation est incluse dans les prix et disponible toute l&#8217;ann\u00e9e.<\/p>\n<p><strong>Les animaux sont-ils autoris\u00e9s ?<\/strong><br \/>\nOui, nous acceptons les animaux moyennant un suppl\u00e9ment de 20 euros par jour.<\/p>\n<p><strong>Est-ce que B&amp;B Circus Maximus dispose d&#8217;un parking disponible? Si oui, est-il n\u00e9cessaire de le r\u00e9server avant l&#8217;arriv\u00e9e ?<\/strong><br \/>\nNon mais il y en a quelques-uns disponibles \u00e0 proximit\u00e9.<\/p>\n<p><strong>Quel est le co\u00fbt du stationnement ?<\/strong><br \/>\nLe stationnement dans la rue co\u00fbte 4 euros pour 8 heures de stationnement.<\/p>\n<p><strong>Quel est l&#8217;a\u00e9roport le plus proche ?<\/strong><br \/>\nLa structure se trouve \u00e0 environ 16 km de l&#8217;a\u00e9roport de Ciampino (CIA) et \u00e0 environ 24 km de l&#8217;a\u00e9roport de Fiumicino (FCO).<\/p>\n<p><strong>\u00c0 quelle distance se trouvent les transports en commun les plus proches ?<\/strong><br \/>\nLe m\u00e9tro (arr\u00eat Circo Massimo) est situ\u00e9 \u00e0 environ 50 m\u00e8tres.<\/p>\n<p><strong>Le B&amp;B Circus Maximus dispose-t-il de salles de conf\u00e9rence ?<\/strong><br \/>\nNon, nous ne disposons pas de salles de conf\u00e9rence.[\/vc_column_text][\/vc_column_inner][\/vc_row_inner][\/vc_column][\/vc_row][vc_row][vc_column]<div class=\"templatera_shortcode\"><div data-vc-full-width=\"true\" data-vc-full-width-init=\"false\" class=\"vc_row wpb_row vc_row-fluid vc_custom_1676723204251 vc_row-has-fill vc_row-has-padding-top vc_row-has-padding-bottom\"><div class=\"kd-overlay\"  style=\"background-color:rgba(0,0,0,0.47);\"><\/div><div class=\"wpb_column vc_column_container vc_col-sm-12\"><div class=\"vc_column-inner\"><div class=\"wpb_wrapper\"><h3 style=\"color: #ffffff;text-align: center\" class=\"vc_custom_heading vc_do_custom_heading\" >B&amp;B Circus Maximus<\/h3><h2 style=\"color: #ffffff;text-align: center\" class=\"vc_custom_heading vc_do_custom_heading\" >R\u00e9servez maintenant et obtenez votre r\u00e9duction<\/h2><a  href=\"\/fr\/#prenota\"  target=\"_self\"  title=\"\" class=\"tt_button tt_primary_button btn_primary_color  button-center button-action-link\" ><span class=\"prim_text\">RESERVE MAINTENANT<\/span><\/a><\/div><\/div><\/div><\/div><div class=\"vc_row-full-width vc_clearfix\"><\/div><\/div>[\/vc_column][\/vc_row]<\/p>\n<\/div>","protected":false},"excerpt":{"rendered":"Trouverez ci-dessous quelques informations utiles sur B&amp;B Circus Maximus, comme la fa\u00e7on de payer, parfois enregistrement et de d\u00e9part et ainsi de suite. S'il vous pla\u00eet prendre le temps de lire les informations et n'h\u00e9sitez pas \u00e0 nous contacter, si [...]","protected":false},"author":1,"featured_media":0,"parent":0,"menu_order":0,"comment_status":"closed","ping_status":"closed","template":"","meta":{"footnotes":""},"class_list":["post-335","page","type-page","status-publish","hentry"],"yoast_head":"<!-- This site is optimized with the Yoast SEO plugin v27.4 - https:\/\/yoast.com\/product\/yoast-seo-wordpress\/ -->\n<title>FAQ - Circus Maximus B&amp;B<\/title>\n<meta name=\"robots\" content=\"index, follow, max-snippet:-1, max-image-preview:large, max-video-preview:-1\" \/>\n<link rel=\"canonical\" href=\"https:\/\/www.bbcircusmaximus.it\/fr\/faq\/\" \/>\n<meta property=\"og:locale\" content=\"fr_FR\" \/>\n<meta property=\"og:type\" content=\"article\" \/>\n<meta property=\"og:title\" content=\"FAQ - Circus Maximus B&amp;B\" \/>\n<meta property=\"og:url\" content=\"https:\/\/www.bbcircusmaximus.it\/faq\/\" \/>\n<meta property=\"og:site_name\" content=\"Circus Maximus B&amp;B\" \/>\n<meta property=\"article:modified_time\" content=\"2024-07-10T10:18:19+00:00\" \/>\n<meta name=\"twitter:card\" content=\"summary_large_image\" \/>\n<meta name=\"twitter:label1\" content=\"Dur\u00e9e de lecture estim\u00e9e\" \/>\n\t<meta name=\"twitter:data1\" content=\"4 minutes\" \/>\n<script type=\"application\/ld+json\" class=\"yoast-schema-graph\">{\"@context\":\"https:\\\/\\\/schema.org\",\"@graph\":[{\"@type\":\"WebPage\",\"@id\":\"https:\\\/\\\/www.bbcircusmaximus.it\\\/faq\\\/\",\"url\":\"https:\\\/\\\/www.bbcircusmaximus.it\\\/faq\\\/\",\"name\":\"FAQ - Circus Maximus B&amp;B\",\"isPartOf\":{\"@id\":\"https:\\\/\\\/www.bbcircusmaximus.it\\\/#website\"},\"datePublished\":\"2023-02-03T08:46:27+00:00\",\"dateModified\":\"2024-07-10T10:18:19+00:00\",\"breadcrumb\":{\"@id\":\"https:\\\/\\\/www.bbcircusmaximus.it\\\/faq\\\/#breadcrumb\"},\"inLanguage\":\"fr-FR\",\"potentialAction\":[{\"@type\":\"ReadAction\",\"target\":[\"https:\\\/\\\/www.bbcircusmaximus.it\\\/faq\\\/\"]}]},{\"@type\":\"BreadcrumbList\",\"@id\":\"https:\\\/\\\/www.bbcircusmaximus.it\\\/faq\\\/#breadcrumb\",\"itemListElement\":[{\"@type\":\"ListItem\",\"position\":1,\"name\":\"Home\",\"item\":\"https:\\\/\\\/www.bbcircusmaximus.it\\\/fr\\\/\"},{\"@type\":\"ListItem\",\"position\":2,\"name\":\"FAQ\"}]},{\"@type\":\"WebSite\",\"@id\":\"https:\\\/\\\/www.bbcircusmaximus.it\\\/#website\",\"url\":\"https:\\\/\\\/www.bbcircusmaximus.it\\\/\",\"name\":\"Circus Maximus B&amp;B\",\"description\":\"Nel cuore di Roma\",\"potentialAction\":[{\"@type\":\"SearchAction\",\"target\":{\"@type\":\"EntryPoint\",\"urlTemplate\":\"https:\\\/\\\/www.bbcircusmaximus.it\\\/?s={search_term_string}\"},\"query-input\":{\"@type\":\"PropertyValueSpecification\",\"valueRequired\":true,\"valueName\":\"search_term_string\"}}],\"inLanguage\":\"fr-FR\"}]}<\/script>\n<!-- \/ Yoast SEO plugin. -->","yoast_head_json":{"title":"FAQ - Circus Maximus B&amp;B","robots":{"index":"index","follow":"follow","max-snippet":"max-snippet:-1","max-image-preview":"max-image-preview:large","max-video-preview":"max-video-preview:-1"},"canonical":"https:\/\/www.bbcircusmaximus.it\/fr\/faq\/","og_locale":"fr_FR","og_type":"article","og_title":"FAQ - Circus Maximus B&amp;B","og_url":"https:\/\/www.bbcircusmaximus.it\/faq\/","og_site_name":"Circus Maximus B&amp;B","article_modified_time":"2024-07-10T10:18:19+00:00","twitter_card":"summary_large_image","twitter_misc":{"Dur\u00e9e de lecture estim\u00e9e":"4 minutes"},"schema":{"@context":"https:\/\/schema.org","@graph":[{"@type":"WebPage","@id":"https:\/\/www.bbcircusmaximus.it\/faq\/","url":"https:\/\/www.bbcircusmaximus.it\/faq\/","name":"FAQ - Circus Maximus B&amp;B","isPartOf":{"@id":"https:\/\/www.bbcircusmaximus.it\/#website"},"datePublished":"2023-02-03T08:46:27+00:00","dateModified":"2024-07-10T10:18:19+00:00","breadcrumb":{"@id":"https:\/\/www.bbcircusmaximus.it\/faq\/#breadcrumb"},"inLanguage":"fr-FR","potentialAction":[{"@type":"ReadAction","target":["https:\/\/www.bbcircusmaximus.it\/faq\/"]}]},{"@type":"BreadcrumbList","@id":"https:\/\/www.bbcircusmaximus.it\/faq\/#breadcrumb","itemListElement":[{"@type":"ListItem","position":1,"name":"Home","item":"https:\/\/www.bbcircusmaximus.it\/fr\/"},{"@type":"ListItem","position":2,"name":"FAQ"}]},{"@type":"WebSite","@id":"https:\/\/www.bbcircusmaximus.it\/#website","url":"https:\/\/www.bbcircusmaximus.it\/","name":"Circus Maximus B&amp;B","description":"Nel cuore di Roma","potentialAction":[{"@type":"SearchAction","target":{"@type":"EntryPoint","urlTemplate":"https:\/\/www.bbcircusmaximus.it\/?s={search_term_string}"},"query-input":{"@type":"PropertyValueSpecification","valueRequired":true,"valueName":"search_term_string"}}],"inLanguage":"fr-FR"}]}},"_links":{"self":[{"href":"https:\/\/www.bbcircusmaximus.it\/fr\/wp-json\/wp\/v2\/pages\/335","targetHints":{"allow":["GET"]}}],"collection":[{"href":"https:\/\/www.bbcircusmaximus.it\/fr\/wp-json\/wp\/v2\/pages"}],"about":[{"href":"https:\/\/www.bbcircusmaximus.it\/fr\/wp-json\/wp\/v2\/types\/page"}],"author":[{"embeddable":true,"href":"https:\/\/www.bbcircusmaximus.it\/fr\/wp-json\/wp\/v2\/users\/1"}],"replies":[{"embeddable":true,"href":"https:\/\/www.bbcircusmaximus.it\/fr\/wp-json\/wp\/v2\/comments?post=335"}],"version-history":[{"count":7,"href":"https:\/\/www.bbcircusmaximus.it\/fr\/wp-json\/wp\/v2\/pages\/335\/revisions"}],"predecessor-version":[{"id":476,"href":"https:\/\/www.bbcircusmaximus.it\/fr\/wp-json\/wp\/v2\/pages\/335\/revisions\/476"}],"wp:attachment":[{"href":"https:\/\/www.bbcircusmaximus.it\/fr\/wp-json\/wp\/v2\/media?parent=335"}],"curies":[{"name":"wp","href":"https:\/\/api.w.org\/{rel}","templated":true}]}}