{"id":331,"date":"2023-02-02T16:06:09","date_gmt":"2023-02-02T16:06:09","guid":{"rendered":"https:\/\/www.bbcircusmaximus.it\/\/le-camere\/"},"modified":"2023-12-06T13:40:53","modified_gmt":"2023-12-06T13:40:53","slug":"le-chambres","status":"publish","type":"page","link":"https:\/\/www.bbcircusmaximus.it\/fr\/le-chambres\/","title":{"rendered":"Le Chambres"},"content":{"rendered":"<div class=\"wpb-content-wrapper\"><p>[vc_row full_width=&#8221;stretch_row&#8221; css=&#8221;.vc_custom_1675416639874{padding-top: 20px !important;padding-bottom: 70px !important;}&#8221; el_class=&#8221;.bg-roma&#8221;][vc_column][vc_row_inner css=&#8221;.vc_custom_1675350138060{padding-top: 30px !important;}&#8221;][vc_column_inner width=&#8221;1\/2&#8243;][vc_column_text]Les chambres du Circus Maximus B&amp;B ont \u00e9t\u00e9 r\u00e9cemment r\u00e9nov\u00e9es et se distinguent par le go\u00fbt de l&#8217;ameublement et l&#8217;attention aux besoins des clients.<br \/>\nToutes les chambres disposent des conforts les plus modernes, parmi lesquels nous soulignons :<\/p>\n<ul>\n<li>Salle de bain priv\u00e9e, avec douche<\/li>\n<li>S\u00e8che-cheveux<\/li>\n<li>Set de courtoisie<\/li>\n<li>Climatisation et chauffage central r\u00e9glables<\/li>\n<li>T\u00e9l\u00e9vision LCD avec cha\u00eenes satellite<\/li>\n<li>Connexion Internet Wi-Fi gratuite<\/li>\n<li>Draps et serviettes<\/li>\n<li>M\u00e9nage quotidien de la chambre<\/li>\n<\/ul>\n<p>Le B&amp;B est situ\u00e9 au 1er \u00e9tage et dispose d&#8217;un ascenseur.<\/p>\n<p>Veuillez noter : depuis janvier 2011, une taxe de s\u00e9jour a \u00e9t\u00e9 introduite pour la ville de Rome. La taxe est de 6 euros par personne et par nuit (hors enfants de moins de 10 ans). La taxe n&#8217;est pas incluse dans le prix et doit \u00eatre pay\u00e9e en esp\u00e8ces \u00e0 l&#8217;arriv\u00e9e.[\/vc_column_text]<a  href=\"\/fr\/#prenota\"  target=\"_self\"  title=\"\" class=\"tt_button tt_primary_button btn_primary_color  pull-left button-action-link\" ><span class=\"prim_text\">RESERVE MAINTENANT<\/span><\/a>[\/vc_column_inner][vc_column_inner width=&#8221;1\/2&#8243;][vc_single_image image=&#8221;112&#8243; img_size=&#8221;full&#8221; alignment=&#8221;center&#8221; style=&#8221;vc_box_rounded&#8221;][\/vc_column_inner][\/vc_row_inner][vc_empty_space height=&#8221;45px&#8221;][\/vc_column][\/vc_row][vc_row full_width=&#8221;stretch_row_content_no_spaces&#8221;][vc_column]<div class=\"templatera_shortcode\"><div data-vc-full-width=\"true\" data-vc-full-width-init=\"false\" data-vc-stretch-content=\"true\" class=\"vc_row wpb_row vc_row-fluid vc_row-no-padding\"><div class=\"wpb_column vc_column_container vc_col-sm-12\"><div class=\"vc_column-inner\"><div class=\"wpb_wrapper\"><div id=\"1675354293788-c8e4e1c5-1729\" class=\"contenitore_galleria \"><div class=\"bootstrap-grid\"><div class=\"row gutter-20\"><div class=\"col-lg-3 col-md-3 col-sm-6 col-xs-12 \"><a  href=\"https:\/\/www.bbcircusmaximus.it\/wp-content\/uploads\/2023\/02\/421345660.jpg\" data-sub-html=\"\" href=\"https:\/\/www.bbcircusmaximus.it\/wp-content\/uploads\/2023\/02\/421345660.jpg\" class=\"lightgallery\"><img loading=\"lazy\" decoding=\"async\" alt=\"\" title=\"421345660\" class=\"super-gallery-image\" src=\"https:\/\/www.bbcircusmaximus.it\/wp-content\/uploads\/2023\/02\/421345660-500x500.jpg\" width=\"500\" height=\"500\"><\/a><\/div><div class=\"col-lg-3 col-md-3 col-sm-6 col-xs-12 \"><a  href=\"https:\/\/www.bbcircusmaximus.it\/wp-content\/uploads\/2023\/02\/421345652.jpg\" data-sub-html=\"\" href=\"https:\/\/www.bbcircusmaximus.it\/wp-content\/uploads\/2023\/02\/421345652.jpg\" class=\"lightgallery\"><img loading=\"lazy\" decoding=\"async\" alt=\"\" title=\"421345652\" class=\"super-gallery-image\" src=\"https:\/\/www.bbcircusmaximus.it\/wp-content\/uploads\/2023\/02\/421345652-500x500.jpg\" width=\"500\" height=\"500\"><\/a><\/div><div class=\"col-lg-3 col-md-3 col-sm-6 col-xs-12 \"><a  href=\"https:\/\/www.bbcircusmaximus.it\/wp-content\/uploads\/2023\/02\/421345729.jpg\" data-sub-html=\"\" href=\"https:\/\/www.bbcircusmaximus.it\/wp-content\/uploads\/2023\/02\/421345729.jpg\" class=\"lightgallery\"><img loading=\"lazy\" decoding=\"async\" alt=\"\" title=\"421345729\" class=\"super-gallery-image\" src=\"https:\/\/www.bbcircusmaximus.it\/wp-content\/uploads\/2023\/02\/421345729-500x500.jpg\" width=\"500\" height=\"500\"><\/a><\/div><div class=\"col-lg-3 col-md-3 col-sm-6 col-xs-12 \"><a  href=\"https:\/\/www.bbcircusmaximus.it\/wp-content\/uploads\/2023\/02\/421345813.jpg\" data-sub-html=\"\" href=\"https:\/\/www.bbcircusmaximus.it\/wp-content\/uploads\/2023\/02\/421345813.jpg\" class=\"lightgallery\"><img loading=\"lazy\" decoding=\"async\" alt=\"\" title=\"421345813\" class=\"super-gallery-image\" src=\"https:\/\/www.bbcircusmaximus.it\/wp-content\/uploads\/2023\/02\/421345813-500x500.jpg\" width=\"500\" height=\"500\"><\/a><\/div><div class=\"col-lg-3 col-md-3 col-sm-6 col-xs-12 \"><a  href=\"https:\/\/www.bbcircusmaximus.it\/wp-content\/uploads\/2023\/02\/421345817.jpg\" data-sub-html=\"\" href=\"https:\/\/www.bbcircusmaximus.it\/wp-content\/uploads\/2023\/02\/421345817.jpg\" class=\"lightgallery\"><img loading=\"lazy\" decoding=\"async\" alt=\"\" title=\"421345817\" class=\"super-gallery-image\" src=\"https:\/\/www.bbcircusmaximus.it\/wp-content\/uploads\/2023\/02\/421345817-500x500.jpg\" width=\"500\" height=\"500\"><\/a><\/div><div class=\"col-lg-3 col-md-3 col-sm-6 col-xs-12 \"><a  href=\"https:\/\/www.bbcircusmaximus.it\/wp-content\/uploads\/2023\/02\/421344990.jpg\" data-sub-html=\"\" href=\"https:\/\/www.bbcircusmaximus.it\/wp-content\/uploads\/2023\/02\/421344990.jpg\" class=\"lightgallery\"><img loading=\"lazy\" decoding=\"async\" alt=\"\" title=\"421344990\" class=\"super-gallery-image\" src=\"https:\/\/www.bbcircusmaximus.it\/wp-content\/uploads\/2023\/02\/421344990-500x500.jpg\" width=\"500\" height=\"500\"><\/a><\/div><div class=\"col-lg-3 col-md-3 col-sm-6 col-xs-12 \"><a  href=\"https:\/\/www.bbcircusmaximus.it\/wp-content\/uploads\/2023\/02\/421344995.jpg\" data-sub-html=\"\" href=\"https:\/\/www.bbcircusmaximus.it\/wp-content\/uploads\/2023\/02\/421344995.jpg\" class=\"lightgallery\"><img loading=\"lazy\" decoding=\"async\" alt=\"\" title=\"421344995\" class=\"super-gallery-image\" src=\"https:\/\/www.bbcircusmaximus.it\/wp-content\/uploads\/2023\/02\/421344995-500x500.jpg\" width=\"500\" height=\"500\"><\/a><\/div><div class=\"col-lg-3 col-md-3 col-sm-6 col-xs-12 \"><a  href=\"https:\/\/www.bbcircusmaximus.it\/wp-content\/uploads\/2023\/02\/421345011.jpg\" data-sub-html=\"\" href=\"https:\/\/www.bbcircusmaximus.it\/wp-content\/uploads\/2023\/02\/421345011.jpg\" class=\"lightgallery\"><img loading=\"lazy\" decoding=\"async\" alt=\"\" title=\"421345011\" class=\"super-gallery-image\" src=\"https:\/\/www.bbcircusmaximus.it\/wp-content\/uploads\/2023\/02\/421345011-500x500.jpg\" width=\"500\" height=\"500\"><\/a><\/div><div class=\"col-lg-3 col-md-3 col-sm-6 col-xs-12 \"><a  href=\"https:\/\/www.bbcircusmaximus.it\/wp-content\/uploads\/2023\/02\/421345067.jpg\" data-sub-html=\"\" href=\"https:\/\/www.bbcircusmaximus.it\/wp-content\/uploads\/2023\/02\/421345067.jpg\" class=\"lightgallery\"><img loading=\"lazy\" decoding=\"async\" alt=\"\" title=\"421345067\" class=\"super-gallery-image\" src=\"https:\/\/www.bbcircusmaximus.it\/wp-content\/uploads\/2023\/02\/421345067-500x500.jpg\" width=\"500\" height=\"500\"><\/a><\/div><div class=\"col-lg-3 col-md-3 col-sm-6 col-xs-12 \"><a  href=\"https:\/\/www.bbcircusmaximus.it\/wp-content\/uploads\/2023\/02\/421345572.jpg\" data-sub-html=\"\" href=\"https:\/\/www.bbcircusmaximus.it\/wp-content\/uploads\/2023\/02\/421345572.jpg\" class=\"lightgallery\"><img loading=\"lazy\" decoding=\"async\" alt=\"\" title=\"421345572\" class=\"super-gallery-image\" src=\"https:\/\/www.bbcircusmaximus.it\/wp-content\/uploads\/2023\/02\/421345572-500x500.jpg\" width=\"500\" height=\"500\"><\/a><\/div><div class=\"col-lg-3 col-md-3 col-sm-6 col-xs-12 \"><a  href=\"https:\/\/www.bbcircusmaximus.it\/wp-content\/uploads\/2023\/02\/c4.jpg\" data-sub-html=\"\" href=\"https:\/\/www.bbcircusmaximus.it\/wp-content\/uploads\/2023\/02\/c4.jpg\" class=\"lightgallery\"><img loading=\"lazy\" decoding=\"async\" alt=\"\" title=\"c4\" class=\"super-gallery-image\" src=\"https:\/\/www.bbcircusmaximus.it\/wp-content\/uploads\/2023\/02\/c4-500x500.jpg\" width=\"500\" height=\"500\"><\/a><\/div><div class=\"col-lg-3 col-md-3 col-sm-6 col-xs-12 \"><a  href=\"https:\/\/www.bbcircusmaximus.it\/wp-content\/uploads\/2023\/02\/c3.jpg\" data-sub-html=\"\" href=\"https:\/\/www.bbcircusmaximus.it\/wp-content\/uploads\/2023\/02\/c3.jpg\" class=\"lightgallery\"><img loading=\"lazy\" decoding=\"async\" alt=\"\" title=\"c3\" class=\"super-gallery-image\" src=\"https:\/\/www.bbcircusmaximus.it\/wp-content\/uploads\/2023\/02\/c3-500x500.jpg\" width=\"500\" height=\"500\"><\/a><\/div><div class=\"col-lg-3 col-md-3 col-sm-6 col-xs-12 sg-last-item-row\"><a  href=\"https:\/\/www.bbcircusmaximus.it\/wp-content\/uploads\/2023\/02\/c2.jpg\" data-sub-html=\"\" href=\"https:\/\/www.bbcircusmaximus.it\/wp-content\/uploads\/2023\/02\/c2.jpg\" class=\"lightgallery\"><img loading=\"lazy\" decoding=\"async\" alt=\"\" title=\"c2\" class=\"super-gallery-image\" src=\"https:\/\/www.bbcircusmaximus.it\/wp-content\/uploads\/2023\/02\/c2-500x500.jpg\" width=\"500\" height=\"500\"><\/a><\/div><div class=\"col-lg-3 col-md-3 col-sm-6 col-xs-12 sg-last-item-row\"><a  href=\"https:\/\/www.bbcircusmaximus.it\/wp-content\/uploads\/2023\/02\/c1.jpg\" data-sub-html=\"\" href=\"https:\/\/www.bbcircusmaximus.it\/wp-content\/uploads\/2023\/02\/c1.jpg\" class=\"lightgallery\"><img loading=\"lazy\" decoding=\"async\" alt=\"\" title=\"c1\" class=\"super-gallery-image\" src=\"https:\/\/www.bbcircusmaximus.it\/wp-content\/uploads\/2023\/02\/c1-500x500.jpg\" width=\"500\" height=\"500\"><\/a><\/div><div class=\"col-lg-3 col-md-3 col-sm-6 col-xs-12 sg-last-item-row\"><a  href=\"https:\/\/www.bbcircusmaximus.it\/wp-content\/uploads\/2023\/02\/421345146.jpg\" data-sub-html=\"\" href=\"https:\/\/www.bbcircusmaximus.it\/wp-content\/uploads\/2023\/02\/421345146.jpg\" class=\"lightgallery\"><img loading=\"lazy\" decoding=\"async\" alt=\"\" title=\"421345146\" class=\"super-gallery-image\" src=\"https:\/\/www.bbcircusmaximus.it\/wp-content\/uploads\/2023\/02\/421345146-500x500.jpg\" width=\"500\" height=\"500\"><\/a><\/div><div class=\"col-lg-3 col-md-3 col-sm-6 col-xs-12 sg-last-item-row\"><a  href=\"https:\/\/www.bbcircusmaximus.it\/wp-content\/uploads\/2023\/02\/421345120.jpg\" data-sub-html=\"\" href=\"https:\/\/www.bbcircusmaximus.it\/wp-content\/uploads\/2023\/02\/421345120.jpg\" class=\"lightgallery\"><img loading=\"lazy\" decoding=\"async\" alt=\"\" title=\"421345120\" class=\"super-gallery-image\" src=\"https:\/\/www.bbcircusmaximus.it\/wp-content\/uploads\/2023\/02\/421345120-500x500.jpg\" width=\"500\" height=\"500\"><\/a><\/div><\/div><\/div><\/div><\/div><\/div><\/div><\/div><div class=\"vc_row-full-width vc_clearfix\"><\/div>\r\n<\/div>[\/vc_column][\/vc_row][vc_row][vc_column]<div class=\"templatera_shortcode\"><div data-vc-full-width=\"true\" data-vc-full-width-init=\"false\" class=\"vc_row wpb_row vc_row-fluid servizi vc_custom_1675414604365 vc_row-has-fill vc_row-has-padding-top vc_row-has-padding-bottom\"><div class=\"wpb_column vc_column_container vc_col-sm-2\"><div class=\"vc_column-inner\"><div class=\"wpb_wrapper\"><div class=\"key-icon-box icon-default icon-top cont-center ib-no-effect\" style=\"background-color: transparent;\" ><div class=\"tt-iconbox-customimg img_small_size\"><img loading=\"lazy\" decoding=\"async\" width=\"256\" height=\"256\" src=\"https:\/\/www.bbcircusmaximus.it\/wp-content\/uploads\/2023\/02\/wifi.png\" class=\"attachment-full\" alt=\"\" title=\"wifi\" srcset=\"https:\/\/www.bbcircusmaximus.it\/wp-content\/uploads\/2023\/02\/wifi.png 256w, https:\/\/www.bbcircusmaximus.it\/wp-content\/uploads\/2023\/02\/wifi-150x150.png 150w\" sizes=\"auto, (max-width: 256px) 100vw, 256px\" \/><\/div><h5 class=\"service-heading\" >Wifi<\/h5><\/div><\/div><\/div><\/div><div class=\"wpb_column vc_column_container vc_col-sm-2\"><div class=\"vc_column-inner\"><div class=\"wpb_wrapper\"><div class=\"key-icon-box icon-default icon-top cont-center ib-no-effect\" style=\"background-color: transparent;\" ><div class=\"tt-iconbox-customimg img_small_size\"><img loading=\"lazy\" decoding=\"async\" width=\"256\" height=\"256\" src=\"https:\/\/www.bbcircusmaximus.it\/wp-content\/uploads\/2023\/02\/tv-monitor.png\" class=\"attachment-full\" alt=\"\" title=\"tv-monitor\" srcset=\"https:\/\/www.bbcircusmaximus.it\/wp-content\/uploads\/2023\/02\/tv-monitor.png 256w, https:\/\/www.bbcircusmaximus.it\/wp-content\/uploads\/2023\/02\/tv-monitor-150x150.png 150w\" sizes=\"auto, (max-width: 256px) 100vw, 256px\" \/><\/div><h5 class=\"service-heading\" >LCD<\/h5><\/div><\/div><\/div><\/div><div class=\"wpb_column vc_column_container vc_col-sm-2\"><div class=\"vc_column-inner\"><div class=\"wpb_wrapper\"><div class=\"key-icon-box icon-default icon-top cont-center ib-no-effect\" style=\"background-color: transparent;\" ><div class=\"tt-iconbox-customimg img_small_size\"><img loading=\"lazy\" decoding=\"async\" width=\"256\" height=\"256\" src=\"https:\/\/www.bbcircusmaximus.it\/wp-content\/uploads\/2023\/02\/towels.png\" class=\"attachment-full\" alt=\"\" title=\"towels\" srcset=\"https:\/\/www.bbcircusmaximus.it\/wp-content\/uploads\/2023\/02\/towels.png 256w, https:\/\/www.bbcircusmaximus.it\/wp-content\/uploads\/2023\/02\/towels-150x150.png 150w\" sizes=\"auto, (max-width: 256px) 100vw, 256px\" \/><\/div><h5 class=\"service-heading\" >Lin<\/h5><\/div><\/div><\/div><\/div><div class=\"wpb_column vc_column_container vc_col-sm-2\"><div class=\"vc_column-inner\"><div class=\"wpb_wrapper\"><div class=\"key-icon-box icon-default icon-top cont-center ib-no-effect\" style=\"background-color: transparent;\" ><div class=\"tt-iconbox-customimg img_small_size\"><img loading=\"lazy\" decoding=\"async\" width=\"256\" height=\"256\" src=\"https:\/\/www.bbcircusmaximus.it\/wp-content\/uploads\/2023\/02\/hairdryer.png\" class=\"attachment-full\" alt=\"\" title=\"hairdryer\" srcset=\"https:\/\/www.bbcircusmaximus.it\/wp-content\/uploads\/2023\/02\/hairdryer.png 256w, https:\/\/www.bbcircusmaximus.it\/wp-content\/uploads\/2023\/02\/hairdryer-150x150.png 150w\" sizes=\"auto, (max-width: 256px) 100vw, 256px\" \/><\/div><h5 class=\"service-heading\" >S\u00e8che-cheveux<\/h5><\/div><\/div><\/div><\/div><div class=\"wpb_column vc_column_container vc_col-sm-2\"><div class=\"vc_column-inner\"><div class=\"wpb_wrapper\"><div class=\"key-icon-box icon-default icon-top cont-center ib-no-effect\" style=\"background-color: transparent;\" ><div class=\"tt-iconbox-customimg img_small_size\"><img loading=\"lazy\" decoding=\"async\" width=\"256\" height=\"256\" src=\"https:\/\/www.bbcircusmaximus.it\/wp-content\/uploads\/2023\/02\/bathtub.png\" class=\"attachment-full\" alt=\"\" title=\"bathtub\" srcset=\"https:\/\/www.bbcircusmaximus.it\/wp-content\/uploads\/2023\/02\/bathtub.png 256w, https:\/\/www.bbcircusmaximus.it\/wp-content\/uploads\/2023\/02\/bathtub-150x150.png 150w\" sizes=\"auto, (max-width: 256px) 100vw, 256px\" \/><\/div><h5 class=\"service-heading\" >Salle de bains priv\u00e9e<\/h5><\/div><\/div><\/div><\/div><div class=\"wpb_column vc_column_container vc_col-sm-2\"><div class=\"vc_column-inner\"><div class=\"wpb_wrapper\"><div class=\"key-icon-box icon-default icon-top cont-center ib-no-effect\" style=\"background-color: transparent;\" ><div class=\"tt-iconbox-customimg img_small_size\"><img loading=\"lazy\" decoding=\"async\" width=\"256\" height=\"256\" src=\"https:\/\/www.bbcircusmaximus.it\/wp-content\/uploads\/2023\/02\/air-conditioner.png\" class=\"attachment-full\" alt=\"\" title=\"air-conditioner\" srcset=\"https:\/\/www.bbcircusmaximus.it\/wp-content\/uploads\/2023\/02\/air-conditioner.png 256w, https:\/\/www.bbcircusmaximus.it\/wp-content\/uploads\/2023\/02\/air-conditioner-150x150.png 150w\" sizes=\"auto, (max-width: 256px) 100vw, 256px\" \/><\/div><h5 class=\"service-heading\" >Climatisation<\/h5><\/div><\/div><\/div><\/div><\/div><div class=\"vc_row-full-width vc_clearfix\"><\/div><\/div>[\/vc_column][\/vc_row][vc_row][vc_column]<div class=\"templatera_shortcode\"><div data-vc-full-width=\"true\" data-vc-full-width-init=\"false\" class=\"vc_row wpb_row vc_row-fluid vc_custom_1676723204251 vc_row-has-fill vc_row-has-padding-top vc_row-has-padding-bottom\"><div class=\"kd-overlay\"  style=\"background-color:rgba(0,0,0,0.47);\"><\/div><div class=\"wpb_column vc_column_container vc_col-sm-12\"><div class=\"vc_column-inner\"><div class=\"wpb_wrapper\"><h3 style=\"color: #ffffff;text-align: center\" class=\"vc_custom_heading vc_do_custom_heading\" >B&amp;B Circus Maximus<\/h3><h2 style=\"color: #ffffff;text-align: center\" class=\"vc_custom_heading vc_do_custom_heading\" >R\u00e9servez maintenant et obtenez votre r\u00e9duction<\/h2><a  href=\"\/fr\/#prenota\"  target=\"_self\"  title=\"\" class=\"tt_button tt_primary_button btn_primary_color  button-center button-action-link\" ><span class=\"prim_text\">RESERVE MAINTENANT<\/span><\/a><\/div><\/div><\/div><\/div><div class=\"vc_row-full-width vc_clearfix\"><\/div><\/div>[\/vc_column][\/vc_row]<\/p>\n<\/div>","protected":false},"excerpt":{"rendered":"Les chambres du Circus Maximus B&amp;B ont \u00e9t\u00e9 r\u00e9cemment r\u00e9nov\u00e9es et se distinguent par le go\u00fbt de l'ameublement et l'attention aux besoins des clients. Toutes les chambres disposent des conforts les plus modernes, parmi lesquels nous soulignons : Salle de [...]","protected":false},"author":1,"featured_media":0,"parent":0,"menu_order":0,"comment_status":"closed","ping_status":"closed","template":"","meta":{"footnotes":""},"class_list":["post-331","page","type-page","status-publish","hentry"],"yoast_head":"<!-- This site is optimized with the Yoast SEO plugin v27.4 - https:\/\/yoast.com\/product\/yoast-seo-wordpress\/ -->\n<title>Le Chambres - Circus Maximus B&amp;B<\/title>\n<meta name=\"robots\" content=\"index, follow, max-snippet:-1, max-image-preview:large, max-video-preview:-1\" \/>\n<link rel=\"canonical\" href=\"https:\/\/www.bbcircusmaximus.it\/fr\/le-camere\/\" \/>\n<meta property=\"og:locale\" content=\"fr_FR\" \/>\n<meta property=\"og:type\" content=\"article\" \/>\n<meta property=\"og:title\" content=\"Le Chambres - Circus Maximus B&amp;B\" \/>\n<meta property=\"og:url\" content=\"https:\/\/www.bbcircusmaximus.it\/le-camere\/\" \/>\n<meta property=\"og:site_name\" content=\"Circus Maximus B&amp;B\" \/>\n<meta property=\"article:modified_time\" content=\"2023-12-06T13:40:53+00:00\" \/>\n<meta name=\"twitter:card\" content=\"summary_large_image\" \/>\n<meta name=\"twitter:label1\" content=\"Dur\u00e9e de lecture estim\u00e9e\" \/>\n\t<meta name=\"twitter:data1\" content=\"1 minute\" \/>\n<script type=\"application\/ld+json\" class=\"yoast-schema-graph\">{\"@context\":\"https:\\\/\\\/schema.org\",\"@graph\":[{\"@type\":\"WebPage\",\"@id\":\"https:\\\/\\\/www.bbcircusmaximus.it\\\/le-camere\\\/\",\"url\":\"https:\\\/\\\/www.bbcircusmaximus.it\\\/le-camere\\\/\",\"name\":\"Le Chambres - Circus Maximus B&amp;B\",\"isPartOf\":{\"@id\":\"https:\\\/\\\/www.bbcircusmaximus.it\\\/#website\"},\"datePublished\":\"2023-02-02T16:06:09+00:00\",\"dateModified\":\"2023-12-06T13:40:53+00:00\",\"breadcrumb\":{\"@id\":\"https:\\\/\\\/www.bbcircusmaximus.it\\\/le-camere\\\/#breadcrumb\"},\"inLanguage\":\"fr-FR\",\"potentialAction\":[{\"@type\":\"ReadAction\",\"target\":[\"https:\\\/\\\/www.bbcircusmaximus.it\\\/le-camere\\\/\"]}]},{\"@type\":\"BreadcrumbList\",\"@id\":\"https:\\\/\\\/www.bbcircusmaximus.it\\\/le-camere\\\/#breadcrumb\",\"itemListElement\":[{\"@type\":\"ListItem\",\"position\":1,\"name\":\"Home\",\"item\":\"https:\\\/\\\/www.bbcircusmaximus.it\\\/fr\\\/\"},{\"@type\":\"ListItem\",\"position\":2,\"name\":\"Le Chambres\"}]},{\"@type\":\"WebSite\",\"@id\":\"https:\\\/\\\/www.bbcircusmaximus.it\\\/#website\",\"url\":\"https:\\\/\\\/www.bbcircusmaximus.it\\\/\",\"name\":\"Circus Maximus B&amp;B\",\"description\":\"Nel cuore di Roma\",\"potentialAction\":[{\"@type\":\"SearchAction\",\"target\":{\"@type\":\"EntryPoint\",\"urlTemplate\":\"https:\\\/\\\/www.bbcircusmaximus.it\\\/?s={search_term_string}\"},\"query-input\":{\"@type\":\"PropertyValueSpecification\",\"valueRequired\":true,\"valueName\":\"search_term_string\"}}],\"inLanguage\":\"fr-FR\"}]}<\/script>\n<!-- \/ Yoast SEO plugin. -->","yoast_head_json":{"title":"Le Chambres - Circus Maximus B&amp;B","robots":{"index":"index","follow":"follow","max-snippet":"max-snippet:-1","max-image-preview":"max-image-preview:large","max-video-preview":"max-video-preview:-1"},"canonical":"https:\/\/www.bbcircusmaximus.it\/fr\/le-camere\/","og_locale":"fr_FR","og_type":"article","og_title":"Le Chambres - Circus Maximus B&amp;B","og_url":"https:\/\/www.bbcircusmaximus.it\/le-camere\/","og_site_name":"Circus Maximus B&amp;B","article_modified_time":"2023-12-06T13:40:53+00:00","twitter_card":"summary_large_image","twitter_misc":{"Dur\u00e9e de lecture estim\u00e9e":"1 minute"},"schema":{"@context":"https:\/\/schema.org","@graph":[{"@type":"WebPage","@id":"https:\/\/www.bbcircusmaximus.it\/le-camere\/","url":"https:\/\/www.bbcircusmaximus.it\/le-camere\/","name":"Le Chambres - Circus Maximus B&amp;B","isPartOf":{"@id":"https:\/\/www.bbcircusmaximus.it\/#website"},"datePublished":"2023-02-02T16:06:09+00:00","dateModified":"2023-12-06T13:40:53+00:00","breadcrumb":{"@id":"https:\/\/www.bbcircusmaximus.it\/le-camere\/#breadcrumb"},"inLanguage":"fr-FR","potentialAction":[{"@type":"ReadAction","target":["https:\/\/www.bbcircusmaximus.it\/le-camere\/"]}]},{"@type":"BreadcrumbList","@id":"https:\/\/www.bbcircusmaximus.it\/le-camere\/#breadcrumb","itemListElement":[{"@type":"ListItem","position":1,"name":"Home","item":"https:\/\/www.bbcircusmaximus.it\/fr\/"},{"@type":"ListItem","position":2,"name":"Le Chambres"}]},{"@type":"WebSite","@id":"https:\/\/www.bbcircusmaximus.it\/#website","url":"https:\/\/www.bbcircusmaximus.it\/","name":"Circus Maximus B&amp;B","description":"Nel cuore di Roma","potentialAction":[{"@type":"SearchAction","target":{"@type":"EntryPoint","urlTemplate":"https:\/\/www.bbcircusmaximus.it\/?s={search_term_string}"},"query-input":{"@type":"PropertyValueSpecification","valueRequired":true,"valueName":"search_term_string"}}],"inLanguage":"fr-FR"}]}},"_links":{"self":[{"href":"https:\/\/www.bbcircusmaximus.it\/fr\/wp-json\/wp\/v2\/pages\/331","targetHints":{"allow":["GET"]}}],"collection":[{"href":"https:\/\/www.bbcircusmaximus.it\/fr\/wp-json\/wp\/v2\/pages"}],"about":[{"href":"https:\/\/www.bbcircusmaximus.it\/fr\/wp-json\/wp\/v2\/types\/page"}],"author":[{"embeddable":true,"href":"https:\/\/www.bbcircusmaximus.it\/fr\/wp-json\/wp\/v2\/users\/1"}],"replies":[{"embeddable":true,"href":"https:\/\/www.bbcircusmaximus.it\/fr\/wp-json\/wp\/v2\/comments?post=331"}],"version-history":[{"count":7,"href":"https:\/\/www.bbcircusmaximus.it\/fr\/wp-json\/wp\/v2\/pages\/331\/revisions"}],"predecessor-version":[{"id":463,"href":"https:\/\/www.bbcircusmaximus.it\/fr\/wp-json\/wp\/v2\/pages\/331\/revisions\/463"}],"wp:attachment":[{"href":"https:\/\/www.bbcircusmaximus.it\/fr\/wp-json\/wp\/v2\/media?parent=331"}],"curies":[{"name":"wp","href":"https:\/\/api.w.org\/{rel}","templated":true}]}}